{"id":470,"date":"2026-02-16T04:20:44","date_gmt":"2026-02-16T04:20:44","guid":{"rendered":"https:\/\/betatraducciones.com\/about\/"},"modified":"2026-04-03T00:26:17","modified_gmt":"2026-04-03T00:26:17","slug":"blog","status":"publish","type":"page","link":"https:\/\/betatraducciones.com\/pt\/blog\/","title":{"rendered":"Blog"},"content":{"rendered":"<div data-elementor-type=\"wp-page\" data-elementor-id=\"470\" class=\"elementor elementor-470\">\n\t\t\t\t<div class=\"elementor-element elementor-element-a7ce98c e-con-full e-flex e-con e-parent\" data-id=\"a7ce98c\" data-element_type=\"container\" data-e-type=\"container\" data-settings=\"{&quot;background_background&quot;:&quot;classic&quot;}\">\n\t\t\t\t<div class=\"elementor-element elementor-element-74742d7 elementor-widget elementor-widget-spacer\" data-id=\"74742d7\" data-element_type=\"widget\" data-e-type=\"widget\" data-widget_type=\"spacer.default\">\n\t\t\t\t\t\t\t<div class=\"elementor-spacer\">\n\t\t\t<div class=\"elementor-spacer-inner\"><\/div>\n\t\t<\/div>\n\t\t\t\t\t\t<\/div>\n\t\t\t\t<div class=\"elementor-element elementor-element-69be2d2 elementor-absolute elementor-widget elementor-widget-heading\" data-id=\"69be2d2\" data-element_type=\"widget\" data-e-type=\"widget\" data-settings=\"{&quot;_position&quot;:&quot;absolute&quot;}\" data-widget_type=\"heading.default\">\n\t\t\t\t\t<h2 class=\"elementor-heading-title elementor-size-default\">Blog<\/h2>\t\t\t\t<\/div>\n\t\t\t\t<div class=\"elementor-element elementor-element-70a59a5 elementor-widget elementor-widget-spacer\" data-id=\"70a59a5\" data-element_type=\"widget\" data-e-type=\"widget\" data-widget_type=\"spacer.default\">\n\t\t\t\t\t\t\t<div class=\"elementor-spacer\">\n\t\t\t<div class=\"elementor-spacer-inner\"><\/div>\n\t\t<\/div>\n\t\t\t\t\t\t<\/div>\n\t\t\t\t<\/div>\n\t\t<div class=\"elementor-element elementor-element-67d68f2 e-flex e-con-boxed e-con e-parent\" data-id=\"67d68f2\" data-element_type=\"container\" data-e-type=\"container\">\n\t\t\t\t\t<div class=\"e-con-inner\">\n\t\t\t\t<div class=\"elementor-element elementor-element-a629573 elementor-widget elementor-widget-spacer\" data-id=\"a629573\" data-element_type=\"widget\" data-e-type=\"widget\" data-widget_type=\"spacer.default\">\n\t\t\t\t\t\t\t<div class=\"elementor-spacer\">\n\t\t\t<div class=\"elementor-spacer-inner\"><\/div>\n\t\t<\/div>\n\t\t\t\t\t\t<\/div>\n\t\t\t\t\t<\/div>\n\t\t\t\t<\/div>\n\t\t<div class=\"elementor-element elementor-element-811b0f5 e-flex e-con-boxed e-con e-parent\" data-id=\"811b0f5\" data-element_type=\"container\" data-e-type=\"container\">\n\t\t\t\t\t<div class=\"e-con-inner\">\n\t\t<div class=\"elementor-element elementor-element-71d2657 e-con-full e-flex e-con e-child\" data-id=\"71d2657\" data-element_type=\"container\" data-e-type=\"container\" data-settings=\"{&quot;shape_divider_bottom&quot;:&quot;mountains&quot;}\">\n\t\t\t\t<div class=\"elementor-shape elementor-shape-bottom\" aria-hidden=\"true\" data-negative=\"false\">\n\t\t\t<svg xmlns=\"http:\/\/www.w3.org\/2000\/svg\" viewbox=\"0 0 1000 100\" preserveaspectratio=\"none\">\n\t<path class=\"elementor-shape-fill\" opacity=\"0.33\" d=\"M473,67.3c-203.9,88.3-263.1-34-320.3,0C66,119.1,0,59.7,0,59.7V0h1000v59.7 c0,0-62.1,26.1-94.9,29.3c-32.8,3.3-62.8-12.3-75.8-22.1C806,49.6,745.3,8.7,694.9,4.7S492.4,59,473,67.3z\"\/>\n\t<path class=\"elementor-shape-fill\" opacity=\"0.66\" d=\"M734,67.3c-45.5,0-77.2-23.2-129.1-39.1c-28.6-8.7-150.3-10.1-254,39.1 s-91.7-34.4-149.2,0C115.7,118.3,0,39.8,0,39.8V0h1000v36.5c0,0-28.2-18.5-92.1-18.5C810.2,18.1,775.7,67.3,734,67.3z\"\/>\n\t<path class=\"elementor-shape-fill\" d=\"M766.1,28.9c-200-57.5-266,65.5-395.1,19.5C242,1.8,242,5.4,184.8,20.6C128,35.8,132.3,44.9,89.9,52.5C28.6,63.7,0,0,0,0 h1000c0,0-9.9,40.9-83.6,48.1S829.6,47,766.1,28.9z\"\/>\n<\/svg>\t\t<\/div>\n\t\t\t\t<div class=\"elementor-element elementor-element-ee22c9b elementor-widget elementor-widget-heading\" data-id=\"ee22c9b\" data-element_type=\"widget\" data-e-type=\"widget\" data-widget_type=\"heading.default\">\n\t\t\t\t\t<h3 class=\"elementor-heading-title elementor-size-default\">A tradu\u00e7\u00e3o m\u00e9dica: uma ponte entre l\u00ednguas e culturas cient\u00edficas\n\n<\/h3>\t\t\t\t<\/div>\n\t\t\t\t<\/div>\n\t\t\t\t<div class=\"elementor-element elementor-element-f9d0ce4 elementor-widget elementor-widget-text-editor\" data-id=\"f9d0ce4\" data-element_type=\"widget\" data-e-type=\"widget\" data-widget_type=\"text-editor.default\">\n\t\t\t\t\t\t\t\t\t<p class=\"western\" lang=\"es-CO\" align=\"justify\"><span style=\"font-family: Arial, serif;\"><span style=\"font-size: large;\"><span lang=\"pt-BR\">Traduzir no campo da medicina n\u00e3o \u00e9 simplesmente transferir um texto de um idioma para outro. \u00c9 muito mais do que isso. \u00c9 entender um universo complexo, repleto de termos t\u00e9cnicos, avan\u00e7os cient\u00edficos e contextos culturais que podem variar enormemente entre diferentes pa\u00edses. Por isso, quando falamos de tradu\u00e7\u00e3o m\u00e9dica, n\u00e3o basta dominar bem os idiomas: \u00e9 preciso conhecer medicina, e saber muito mais sobre esse campo.<\/span><\/span><\/span><\/p>\t\t\t\t\t\t\t\t<\/div>\n\t\t\t\t<div class=\"elementor-element elementor-element-0e6720e elementor-widget elementor-widget-image\" data-id=\"0e6720e\" data-element_type=\"widget\" data-e-type=\"widget\" data-widget_type=\"image.default\">\n\t\t\t\t\t\t\t\t\t\t\t\t\t\t\t<img fetchpriority=\"high\" decoding=\"async\" width=\"768\" height=\"485\" src=\"https:\/\/betatraducciones.com\/wp-content\/uploads\/2026\/04\/blog1-768x485.jpg\" class=\"attachment-medium_large size-medium_large wp-image-3942\" alt=\"\" srcset=\"https:\/\/betatraducciones.com\/wp-content\/uploads\/2026\/04\/blog1-768x485.jpg 768w, https:\/\/betatraducciones.com\/wp-content\/uploads\/2026\/04\/blog1-300x189.jpg 300w, https:\/\/betatraducciones.com\/wp-content\/uploads\/2026\/04\/blog1-1024x646.jpg 1024w, https:\/\/betatraducciones.com\/wp-content\/uploads\/2026\/04\/blog1-18x12.jpg 18w, https:\/\/betatraducciones.com\/wp-content\/uploads\/2026\/04\/blog1.jpg 1518w\" sizes=\"(max-width: 768px) 100vw, 768px\" \/>\t\t\t\t\t\t\t\t\t\t\t\t\t\t\t<\/div>\n\t\t\t\t<div class=\"elementor-element elementor-element-07e4659 elementor-widget elementor-widget-spacer\" data-id=\"07e4659\" data-element_type=\"widget\" data-e-type=\"widget\" data-widget_type=\"spacer.default\">\n\t\t\t\t\t\t\t<div class=\"elementor-spacer\">\n\t\t\t<div class=\"elementor-spacer-inner\"><\/div>\n\t\t<\/div>\n\t\t\t\t\t\t<\/div>\n\t\t\t\t<div class=\"elementor-element elementor-element-1a5b18e elementor-widget elementor-widget-heading\" data-id=\"1a5b18e\" data-element_type=\"widget\" data-e-type=\"widget\" data-widget_type=\"heading.default\">\n\t\t\t\t\t<h4 class=\"elementor-heading-title elementor-size-default\">A medicina enfrenta problemas terminol\u00f3gicos na tradu\u00e7\u00e3o. Por qu\u00ea?<\/h4>\t\t\t\t<\/div>\n\t\t\t\t<div class=\"elementor-element elementor-element-0d8071e elementor-widget elementor-widget-text-editor\" data-id=\"0d8071e\" data-element_type=\"widget\" data-e-type=\"widget\" data-widget_type=\"text-editor.default\">\n\t\t\t\t\t\t\t\t\t<p class=\"western\" lang=\"es-CO\"><span style=\"font-family: Arial, serif;\"><span style=\"font-size: large;\"><span lang=\"pt-BR\">Traduzir textos m\u00e9dicos n\u00e3o \u00e9 uma tarefa simples. Por tr\u00e1s de cada palavra existe um universo de precis\u00e3o, responsabilidade e contexto que muitas vezes se perde no processo tradut\u00f3rio. Isso pode representar um grande problema, especialmente quando o que est\u00e1 em jogo \u00e9 a sa\u00fade ou estudos cient\u00edficos.<\/span><\/span><\/span><\/p><p class=\"western\"><br \/><br \/><\/p><p class=\"western\" lang=\"es-CO\"><span style=\"font-family: Arial, serif;\"><span style=\"font-size: large;\"><span lang=\"pt-BR\">Ent\u00e3o, por que esses erros terminol\u00f3gicos acontecem?<\/span><\/span><\/span><\/p><p class=\"western\"><br \/><br \/><\/p><p class=\"western\" lang=\"es-CO\"><span style=\"font-family: Arial, serif;\"><span style=\"font-size: large;\"><span lang=\"pt-BR\">H\u00e1 v\u00e1rios motivos, mas os mais comuns s\u00e3o:<\/span><\/span><\/span><\/p><ul><li><p lang=\"es-CO\"><span style=\"font-family: Arial, serif;\"><span style=\"font-size: large;\"><span lang=\"pt-BR\">A tradu\u00e7\u00e3o n\u00e3o ser realizada por um profissional com experi\u00eancia em medicina ou ci\u00eancias da sa\u00fade.<\/span><\/span><\/span><\/p><\/li><li><p lang=\"es-CO\"><span style=\"font-family: Arial, serif;\"><span style=\"font-size: large;\"><span lang=\"pt-BR\">A tentativa de traduzir palavra por palavra, sem adaptar os termos ao contexto t\u00e9cnico adequado.<\/span><\/span><\/span><\/p><\/li><li><p lang=\"es-CO\"><span style=\"font-family: Arial, serif;\"><span style=\"font-size: large;\"><span lang=\"pt-BR\">A falta de pesquisa ou o desconsiderar das particularidades do campo m\u00e9dico.<\/span><\/span><\/span><\/p><\/li><\/ul>\t\t\t\t\t\t\t\t<\/div>\n\t\t\t\t<div class=\"elementor-element elementor-element-0a4eef9 elementor-widget elementor-widget-heading\" data-id=\"0a4eef9\" data-element_type=\"widget\" data-e-type=\"widget\" data-widget_type=\"heading.default\">\n\t\t\t\t\t<h4 class=\"elementor-heading-title elementor-size-default\">Medicina, cultura e hist\u00f3ria: um v\u00ednculo que n\u00e3o podemos deixar de lado<\/h4>\t\t\t\t<\/div>\n\t\t\t\t<div class=\"elementor-element elementor-element-e469c5c elementor-widget elementor-widget-text-editor\" data-id=\"e469c5c\" data-element_type=\"widget\" data-e-type=\"widget\" data-widget_type=\"text-editor.default\">\n\t\t\t\t\t\t\t\t\t<p class=\"western\" lang=\"es-CO\"><span style=\"font-family: Arial, serif;\"><span style=\"font-size: large;\"><span lang=\"pt-BR\">A medicina n\u00e3o \u00e9 igual em todos os lugares. As doen\u00e7as variam conforme a regi\u00e3o, e o mesmo ocorre com os tratamentos, os h\u00e1bitos e as abordagens. Por isso, traduzir um texto m\u00e9dico tamb\u00e9m significa compreender de onde ele vem e para quem \u00e9 destinado.<\/span><\/span><\/span><\/p><p class=\"western\" lang=\"es-CO\"><span style=\"font-family: Arial, serif;\"><span style=\"font-size: large;\"><span lang=\"pt-BR\">Por exemplo, a medicina baseada em plantas evoluiu de maneira muito diferente em diversas partes do mundo. As esp\u00e9cies utilizadas em regi\u00f5es tropicais t\u00eam pouco a ver com aquelas encontradas na Patag\u00f4nia. Cada cultura construiu seu pr\u00f3prio caminho na hist\u00f3ria da medicina, e isso tamb\u00e9m se reflete na linguagem.<\/span><\/span><\/span><\/p>\t\t\t\t\t\t\t\t<\/div>\n\t\t\t\t<div class=\"elementor-element elementor-element-d1966a7 elementor-widget elementor-widget-heading\" data-id=\"d1966a7\" data-element_type=\"widget\" data-e-type=\"widget\" data-widget_type=\"heading.default\">\n\t\t\t\t\t<h4 class=\"elementor-heading-title elementor-size-default\">Traduzir medicina: mais do que saber idiomas<\/h4>\t\t\t\t<\/div>\n\t\t\t\t<div class=\"elementor-element elementor-element-f1694b8 elementor-widget elementor-widget-text-editor\" data-id=\"f1694b8\" data-element_type=\"widget\" data-e-type=\"widget\" data-widget_type=\"text-editor.default\">\n\t\t\t\t\t\t\t\t\t<p class=\"western\" lang=\"es-CO\"><span style=\"font-family: Arial, serif;\"><span style=\"font-size: large;\"><span lang=\"pt-BR\">Hoje em dia, a maioria das descobertas m\u00e9dicas \u00e9 traduzida para muitos idiomas, porque a sa\u00fade \u00e9 um tema que diz respeito a todos n\u00f3s. Mas essa universalidade n\u00e3o significa que possa ser feita de qualquer maneira. Para que uma tradu\u00e7\u00e3o m\u00e9dica seja \u00fatil, ela deve fazer justi\u00e7a ao texto original e ser clara para o leitor.<\/span><\/span><\/span><\/p>\t\t\t\t\t\t\t\t<\/div>\n\t\t\t\t<div class=\"elementor-element elementor-element-dd36087 elementor-widget elementor-widget-heading\" data-id=\"dd36087\" data-element_type=\"widget\" data-e-type=\"widget\" data-widget_type=\"heading.default\">\n\t\t\t\t\t<h4 class=\"elementor-heading-title elementor-size-default\">Problemas da tradu\u00e7\u00e3o m\u00e9dica<\/h4>\t\t\t\t<\/div>\n\t\t\t\t<div class=\"elementor-element elementor-element-27462b7 elementor-widget elementor-widget-text-editor\" data-id=\"27462b7\" data-element_type=\"widget\" data-e-type=\"widget\" data-widget_type=\"text-editor.default\">\n\t\t\t\t\t\t\t\t\t<p class=\"western\" lang=\"es-CO\" align=\"justify\"><span style=\"font-family: Arial, serif;\"><span style=\"font-size: large;\"><span lang=\"pt-BR\">A tradu\u00e7\u00e3o m\u00e9dica lida com textos vinculados \u00e0 medicina, \u00e0s ci\u00eancias da sa\u00fade e a outras disciplinas relacionadas (farmacologia, biotecnologia, ci\u00eancias veterin\u00e1rias etc.).<\/span><\/span><\/span><\/p><p class=\"western\" lang=\"es-CO\" align=\"justify\"><span style=\"font-family: Arial, serif;\"><span style=\"font-size: large;\"><span lang=\"pt-BR\">Em conclus\u00e3o, a tradu\u00e7\u00e3o m\u00e9dica exige um alto n\u00edvel de especializa\u00e7\u00e3o e densidade tem\u00e1tica. Os textos m\u00e9dicos s\u00e3o densos, complexos e altamente suscet\u00edveis a erros. Se voc\u00ea \u00e9 um tradutor cient\u00edfico das \u00e1reas m\u00e9dicas e coloca a vida de um paciente em risco, as consequ\u00eancias podem ser desastrosas e sem possibilidade de corre\u00e7\u00e3o.<\/span><\/span><\/span><\/p><p class=\"western\" lang=\"es-CO\" align=\"justify\"><span style=\"font-family: Arial, serif;\"><span style=\"font-size: large;\"><span lang=\"pt-BR\">Se voc\u00ea n\u00e3o tiver conhecimentos especializados e precisos, poder\u00e1 cair em um problema de polissemia (confus\u00e3o entre termos). \u00c9 preciso estar atento aos anglicismos sint\u00e1ticos, lexicais e ortotipogr\u00e1ficos, que variam de um idioma para outro. <\/span><\/span><\/span><\/p><p class=\"western\" lang=\"es-CO\" align=\"justify\"><span style=\"font-family: Arial, serif;\"><span style=\"font-size: large;\"><span lang=\"pt-BR\">N\u00e3o se trata apenas de compreender a terminologia t\u00e9cnica, mas de saber interpretar os estudos cl\u00ednicos, sejam eles longitudinais, transversais etc. Quanto aos erros, o primeiro costuma estar na terminologia, seguido pela an\u00e1lise estat\u00edstica m\u00e9dica. Por qu\u00ea? Em parte, porque a maioria das palavras especializadas se baseia em \u00e9timos latinos e gregos. Familiarizar-se com conhecimentos morfol\u00f3gicos b\u00e1sicos em ambos os idiomas \u00e9 fundamental: o texto de origem e o texto final devem ser analisados da mesma maneira. <\/span><\/span><\/span><\/p><p class=\"western\" lang=\"es-CO\" align=\"justify\"><span style=\"font-family: Arial, serif;\"><span style=\"font-size: large;\"><span lang=\"pt-BR\">As dificuldades gerais podem surgir de pessoas inexperientes, n\u00e3o especializadas. O tradutor inexperiente enfrenta dificuldades na busca pela terminologia especializada equivalente e pode cometer erros graves, porque at\u00e9 encontra o termo, mas n\u00e3o o compreende. <\/span><\/span><\/span><\/p>\t\t\t\t\t\t\t\t<\/div>\n\t\t\t\t<div class=\"elementor-element elementor-element-2464826 elementor-widget elementor-widget-image\" data-id=\"2464826\" data-element_type=\"widget\" data-e-type=\"widget\" data-widget_type=\"image.default\">\n\t\t\t\t\t\t\t\t\t\t\t\t\t\t\t<img decoding=\"async\" width=\"300\" height=\"293\" src=\"https:\/\/betatraducciones.com\/wp-content\/uploads\/2026\/04\/blog2-1-300x293.jpg\" class=\"attachment-medium size-medium wp-image-3950\" alt=\"\" srcset=\"https:\/\/betatraducciones.com\/wp-content\/uploads\/2026\/04\/blog2-1-300x293.jpg 300w, https:\/\/betatraducciones.com\/wp-content\/uploads\/2026\/04\/blog2-1-768x750.jpg 768w, https:\/\/betatraducciones.com\/wp-content\/uploads\/2026\/04\/blog2-1-12x12.jpg 12w, https:\/\/betatraducciones.com\/wp-content\/uploads\/2026\/04\/blog2-1.jpg 814w\" sizes=\"(max-width: 300px) 100vw, 300px\" \/>\t\t\t\t\t\t\t\t\t\t\t\t\t\t\t<\/div>\n\t\t\t\t<div class=\"elementor-element elementor-element-91cfdda elementor-widget elementor-widget-spacer\" data-id=\"91cfdda\" data-element_type=\"widget\" data-e-type=\"widget\" data-widget_type=\"spacer.default\">\n\t\t\t\t\t\t\t<div class=\"elementor-spacer\">\n\t\t\t<div class=\"elementor-spacer-inner\"><\/div>\n\t\t<\/div>\n\t\t\t\t\t\t<\/div>\n\t\t\t\t<div class=\"elementor-element elementor-element-f9abb83 elementor-widget elementor-widget-heading\" data-id=\"f9abb83\" data-element_type=\"widget\" data-e-type=\"widget\" data-widget_type=\"heading.default\">\n\t\t\t\t\t<h3 class=\"elementor-heading-title elementor-size-default\">Pode-se dizer que\u2026<\/h3>\t\t\t\t<\/div>\n\t\t\t\t<div class=\"elementor-element elementor-element-e417e94 elementor-widget elementor-widget-text-editor\" data-id=\"e417e94\" data-element_type=\"widget\" data-e-type=\"widget\" data-widget_type=\"text-editor.default\">\n\t\t\t\t\t\t\t\t\t<p class=\"western\" lang=\"es-CO\" align=\"justify\"><span style=\"font-family: Arial, serif;\"><span style=\"font-size: large;\"><span lang=\"pt-BR\">A tradu\u00e7\u00e3o m\u00e9dica \u00e9 uma disciplina altamente especializada que requer precis\u00e3o e conhecimentos profundos tanto no idioma de origem quanto no idioma de destino.<\/span><\/span><\/span><\/p>\t\t\t\t\t\t\t\t<\/div>\n\t\t\t\t\t<\/div>\n\t\t\t\t<\/div>\n\t\t<div class=\"elementor-element elementor-element-27cbcc0 e-flex e-con-boxed e-con e-parent\" data-id=\"27cbcc0\" data-element_type=\"container\" data-e-type=\"container\">\n\t\t\t\t\t<div class=\"e-con-inner\">\n\t\t\t\t<div class=\"elementor-element elementor-element-fa29455 elementor-widget elementor-widget-spacer\" data-id=\"fa29455\" data-element_type=\"widget\" data-e-type=\"widget\" data-widget_type=\"spacer.default\">\n\t\t\t\t\t\t\t<div class=\"elementor-spacer\">\n\t\t\t<div class=\"elementor-spacer-inner\"><\/div>\n\t\t<\/div>\n\t\t\t\t\t\t<\/div>\n\t\t\t\t\t<\/div>\n\t\t\t\t<\/div>\n\t\t\t\t<\/div>","protected":false},"excerpt":{"rendered":"<p>Blog A tradu\u00e7\u00e3o m\u00e9dica: uma ponte entre l\u00ednguas e culturas cient\u00edficas Traduzir no campo da medicina n\u00e3o \u00e9 simplesmente transferir um texto de um idioma para outro. \u00c9 muito mais do que isso. \u00c9 entender um universo complexo, repleto de termos t\u00e9cnicos, avan\u00e7os cient\u00edficos e contextos culturais que podem variar enormemente entre diferentes pa\u00edses. Por [&hellip;]<\/p>\n","protected":false},"author":1,"featured_media":0,"parent":0,"menu_order":0,"comment_status":"closed","ping_status":"closed","template":"elementor_header_footer","meta":{"_uag_custom_page_level_css":"","site-sidebar-layout":"no-sidebar","site-content-layout":"page-builder","ast-site-content-layout":"full-width-container","site-content-style":"unboxed","site-sidebar-style":"unboxed","ast-global-header-display":"","ast-banner-title-visibility":"","ast-main-header-display":"","ast-hfb-above-header-display":"","ast-hfb-below-header-display":"","ast-hfb-mobile-header-display":"","site-post-title":"disabled","ast-breadcrumbs-content":"","ast-featured-img":"disabled","footer-sml-layout":"","ast-disable-related-posts":"","theme-transparent-header-meta":"enabled","adv-header-id-meta":"","stick-header-meta":"","header-above-stick-meta":"","header-main-stick-meta":"","header-below-stick-meta":"","astra-migrate-meta-layouts":"set","ast-page-background-enabled":"default","ast-page-background-meta":{"desktop":{"background-color":"","background-image":"","background-repeat":"repeat","background-position":"center center","background-size":"auto","background-attachment":"scroll","background-type":"","background-media":"","overlay-type":"","overlay-color":"","overlay-opacity":"","overlay-gradient":""},"tablet":{"background-color":"","background-image":"","background-repeat":"repeat","background-position":"center center","background-size":"auto","background-attachment":"scroll","background-type":"","background-media":"","overlay-type":"","overlay-color":"","overlay-opacity":"","overlay-gradient":""},"mobile":{"background-color":"","background-image":"","background-repeat":"repeat","background-position":"center center","background-size":"auto","background-attachment":"scroll","background-type":"","background-media":"","overlay-type":"","overlay-color":"","overlay-opacity":"","overlay-gradient":""}},"ast-content-background-meta":{"desktop":{"background-color":"var(--ast-global-color-4)","background-image":"","background-repeat":"repeat","background-position":"center center","background-size":"auto","background-attachment":"scroll","background-type":"","background-media":"","overlay-type":"","overlay-color":"","overlay-opacity":"","overlay-gradient":""},"tablet":{"background-color":"var(--ast-global-color-4)","background-image":"","background-repeat":"repeat","background-position":"center center","background-size":"auto","background-attachment":"scroll","background-type":"","background-media":"","overlay-type":"","overlay-color":"","overlay-opacity":"","overlay-gradient":""},"mobile":{"background-color":"var(--ast-global-color-4)","background-image":"","background-repeat":"repeat","background-position":"center center","background-size":"auto","background-attachment":"scroll","background-type":"","background-media":"","overlay-type":"","overlay-color":"","overlay-opacity":"","overlay-gradient":""}},"footnotes":""},"class_list":["post-470","page","type-page","status-publish","hentry"],"aioseo_notices":[],"_hostinger_reach_plugin_has_subscription_block":false,"_hostinger_reach_plugin_is_elementor":false,"uagb_featured_image_src":{"full":false,"thumbnail":false,"medium":false,"medium_large":false,"large":false,"1536x1536":false,"2048x2048":false,"trp-custom-language-flag":false},"uagb_author_info":{"display_name":"tuto995@gmail.com","author_link":"https:\/\/betatraducciones.com\/pt\/author\/tuto995gmail-com\/"},"uagb_comment_info":0,"uagb_excerpt":"Blog A tradu\u00e7\u00e3o m\u00e9dica: uma ponte entre l\u00ednguas e culturas cient\u00edficas Traduzir no campo da medicina n\u00e3o \u00e9 simplesmente transferir um texto de um idioma para outro. \u00c9 muito mais do que isso. \u00c9 entender um universo complexo, repleto de termos t\u00e9cnicos, avan\u00e7os cient\u00edficos e contextos culturais que podem variar enormemente entre diferentes pa\u00edses. Por&hellip;","_links":{"self":[{"href":"https:\/\/betatraducciones.com\/pt\/wp-json\/wp\/v2\/pages\/470","targetHints":{"allow":["GET"]}}],"collection":[{"href":"https:\/\/betatraducciones.com\/pt\/wp-json\/wp\/v2\/pages"}],"about":[{"href":"https:\/\/betatraducciones.com\/pt\/wp-json\/wp\/v2\/types\/page"}],"author":[{"embeddable":true,"href":"https:\/\/betatraducciones.com\/pt\/wp-json\/wp\/v2\/users\/1"}],"replies":[{"embeddable":true,"href":"https:\/\/betatraducciones.com\/pt\/wp-json\/wp\/v2\/comments?post=470"}],"version-history":[{"count":337,"href":"https:\/\/betatraducciones.com\/pt\/wp-json\/wp\/v2\/pages\/470\/revisions"}],"predecessor-version":[{"id":3956,"href":"https:\/\/betatraducciones.com\/pt\/wp-json\/wp\/v2\/pages\/470\/revisions\/3956"}],"wp:attachment":[{"href":"https:\/\/betatraducciones.com\/pt\/wp-json\/wp\/v2\/media?parent=470"}],"curies":[{"name":"wp","href":"https:\/\/api.w.org\/{rel}","templated":true}]}}