{"id":3,"date":"2026-02-16T04:19:21","date_gmt":"2026-02-16T04:19:21","guid":{"rendered":"https:\/\/betatraducciones.com\/?page_id=3"},"modified":"2026-03-23T14:27:07","modified_gmt":"2026-03-23T14:27:07","slug":"terminos-y-condiciones","status":"publish","type":"page","link":"https:\/\/betatraducciones.com\/pt\/terminos-y-condiciones\/","title":{"rendered":"T\u00c9RMINOS Y CONDICIONES DEL SITIO WEB"},"content":{"rendered":"<div data-elementor-type=\"wp-page\" data-elementor-id=\"3\" class=\"elementor elementor-3\">\n\t\t\t\t<div class=\"elementor-element elementor-element-a7a01f9 e-flex e-con-boxed e-con e-parent\" data-id=\"a7a01f9\" data-element_type=\"container\" data-e-type=\"container\">\n\t\t\t\t\t<div class=\"e-con-inner\">\n\t\t\t\t<div class=\"elementor-element elementor-element-7b055f9 elementor-widget elementor-widget-heading\" data-id=\"7b055f9\" data-element_type=\"widget\" data-e-type=\"widget\" data-widget_type=\"heading.default\">\n\t\t\t\t\t<h2 class=\"elementor-heading-title elementor-size-default\">T\u00c9RMINOS Y CONDICIONES DEL SITIO WEB.<\/h2>\t\t\t\t<\/div>\n\t\t\t\t<div class=\"elementor-element elementor-element-c162f8c elementor-widget elementor-widget-spacer\" data-id=\"c162f8c\" data-element_type=\"widget\" data-e-type=\"widget\" data-widget_type=\"spacer.default\">\n\t\t\t\t\t\t\t<div class=\"elementor-spacer\">\n\t\t\t<div class=\"elementor-spacer-inner\"><\/div>\n\t\t<\/div>\n\t\t\t\t\t\t<\/div>\n\t\t\t\t\t<\/div>\n\t\t\t\t<\/div>\n\t\t<div class=\"elementor-element elementor-element-3f6a4c6 e-flex e-con-boxed e-con e-parent\" data-id=\"3f6a4c6\" data-element_type=\"container\" data-e-type=\"container\">\n\t\t\t\t\t<div class=\"e-con-inner\">\n\t\t\t\t<div class=\"elementor-element elementor-element-2d697758 elementor-widget elementor-widget-text-editor\" data-id=\"2d697758\" data-element_type=\"widget\" data-e-type=\"widget\" data-widget_type=\"text-editor.default\">\n\t\t\t\t\t\t\t\t\t\n<ul>\n<li><span style=\"color: #7030a0;\"><span style=\"font-family: Arial, serif;\"><span style=\"font-size: large;\"><b>BETA Tradu\u00e7\u00f5es<\/b><\/span><\/span><\/span> <span style=\"color: #000000;\"><span style=\"font-family: Arial, serif;\"><span style=\"font-size: large;\">en lo sucesivo ser\u00e1 la \u201cAGENCIA\u201d; todo aquel que ingrese, acceda o use este sitio en lo sucesivo ser\u00e1 el \u201cUSUARIO\u201d.\u00a0<br \/><br \/><br \/><\/span><\/span><\/span><\/li>\n<li><span style=\"color: #000000;\"><span style=\"font-family: Arial, serif;\"><span style=\"font-size: large;\">Este sitio web de <\/span><\/span><\/span><span style=\"color: #7030a0;\"><span style=\"font-family: Arial, serif;\"><span style=\"font-size: large;\"><b>BETA Tradu\u00e7\u00f5es<\/b><\/span><\/span><\/span> <span style=\"color: #000000;\"><span style=\"font-family: Arial, serif;\"><span style=\"font-size: large;\">y su contenido, incluyendo los textos, casos de \u00e9xito, gr\u00e1ficos, logos, animaciones y sonidos, son de propiedad de <\/span><\/span><\/span><span style=\"color: #7030a0;\"><span style=\"font-family: Arial, serif;\"><span style=\"font-size: large;\"><b>BETA Tradu\u00e7\u00f5es<\/b><\/span><\/span><\/span><span style=\"color: #000000;\"><span style=\"font-family: Arial, serif;\"><span style=\"font-size: large;\">, as\u00ed como aquellos que han sido adquiridos por licencias. El que haga uso del sitio web en este caso el USUARIO puede acceder a toda la informaci\u00f3n m\u00e1s NO se puede comercializar y si es el caso mencionar al autor o propietario. <br \/><br \/><br \/><\/span><\/span><\/span><\/li>\n<li><span style=\"color: #000000;\"><span style=\"font-family: Arial, serif;\"><span style=\"font-size: large;\">Las marcas comerciales, logos, son de <\/span><\/span><\/span><span style=\"color: #7030a0;\"><span style=\"font-family: Arial, serif;\"><span style=\"font-size: large;\"><b>BETA Tradu\u00e7\u00f5es<\/b><\/span><\/span><\/span> <span style=\"color: #000000;\"><span style=\"font-family: Arial, serif;\"><span style=\"font-size: large;\">o en algunos casos son marcas patrocinadas o proveedores y no pueden ser usadas con respecto a productos y\/o servicios que no est\u00e9n relacionados o mencionados en lo descrito. Todas las marcas comerciales que no sean de propiedad de <\/span><\/span><\/span><span style=\"color: #7030a0;\"><span style=\"font-family: Arial, serif;\"><span style=\"font-size: large;\"><b>BETA Tradu\u00e7\u00f5es<\/b><\/span><\/span><\/span> <span style=\"color: #000000;\"><span style=\"font-family: Arial, serif;\"><span style=\"font-size: large;\">que aparezcan en el sitio web o a trav\u00e9s de los servicios del sitio hacen parte de sus respectivos propietarios, como clientes y proveedores.<br \/><br \/><br \/><\/span><\/span><\/span><\/li>\n<li><span style=\"color: #000000;\"><span style=\"font-family: Arial, serif;\"><span style=\"font-size: large;\">Este sitio web contiene enlaces a otros sitios en Internet y paginas comerciales y de servicios que han sido provistos con fines informativos y de negocios. Ello no implica que compartamos los contenidos de dichos sitios ni que haya relaci\u00f3n o asociaci\u00f3n alguna entre <\/span><\/span><\/span><span style=\"color: #7030a0;\"><span style=\"font-family: Arial, serif;\"><span style=\"font-size: large;\"><b>BETA Tradu\u00e7\u00f5es<\/b><\/span><\/span><\/span> <span style=\"color: #000000;\"><span style=\"font-family: Arial, serif;\"><span style=\"font-size: large;\">y el propietario de los enlaces, as\u00ed como tampoco indica la aprobaci\u00f3n o promoci\u00f3n por parte de <\/span><\/span><\/span><span style=\"color: #7030a0;\"><span style=\"font-family: Arial, serif;\"><span style=\"font-size: large;\"><b>BETA Tradu\u00e7\u00f5es<\/b><\/span><\/span><\/span> <span style=\"color: #000000;\"><span style=\"font-family: Arial, serif;\"><span style=\"font-size: large;\">de estos; no asumimos ning\u00fan tipo de responsabilidad por los contenidos <\/span><\/span><\/span><span style=\"color: #000000;\"><span style=\"font-family: Arial, serif;\"><span style=\"font-size: large;\"><span lang=\"en-US\">que <\/span><\/span><\/span><\/span><span style=\"color: #000000;\"><span style=\"font-family: Arial, serif;\"><span style=\"font-size: large;\">all\u00ed puedan encontrar.<br \/><br \/><br \/><\/span><\/span><\/span><\/li>\n<li><span style=\"color: #000000;\"><span style=\"font-family: Arial, serif;\"><span style=\"font-size: large;\">El USUARIO no puede realizar conductas il\u00edcitas como da\u00f1os o ataques inform\u00e1ticos, interceptaci\u00f3n de comunicaciones, infracciones al derecho de autor y en otros como falsedad de documentos.<br \/><br \/><br \/><\/span><\/span><\/span><\/li>\n<li><span style=\"color: #000000;\"><span style=\"font-family: Arial, serif;\"><span style=\"font-size: large;\">El uso indebido de este sitio web de <\/span><\/span><\/span><span style=\"color: #7030a0;\"><span style=\"font-family: Arial, serif;\"><span style=\"font-size: large;\"><b>BETA Tradu\u00e7\u00f5es<\/b><\/span><\/span><\/span> <span style=\"color: #000000;\"><span style=\"font-family: Arial, serif;\"><span style=\"font-size: large;\">puede dar lugar a demandas de indemnizaci\u00f3n por da\u00f1os y perjuicios o constituir un delito punible por la ley seg\u00fan el pa\u00eds al que pertenezca o leyes de procedencia de la casa matriz de la agencia. <\/span><\/span><\/span><\/li>\n<\/ul>\t\t\t\t\t\t\t\t<\/div>\n\t\t\t\t\t<\/div>\n\t\t\t\t<\/div>\n\t\t\t\t<\/div>","protected":false},"excerpt":{"rendered":"<p>T\u00c9RMINOS Y CONDICIONES DEL SITIO WEB. BETA Traducciones en lo sucesivo ser\u00e1 la \u201cAGENCIA\u201d; todo aquel que ingrese, acceda o use este sitio en lo sucesivo ser\u00e1 el \u201cUSUARIO\u201d.\u00a0 Este sitio web de BETA Traducciones y su contenido, incluyendo los textos, casos de \u00e9xito, gr\u00e1ficos, logos, animaciones y sonidos, son de propiedad de BETA Traducciones, [&hellip;]<\/p>\n","protected":false},"author":1,"featured_media":0,"parent":0,"menu_order":0,"comment_status":"closed","ping_status":"closed","template":"","meta":{"_uag_custom_page_level_css":"","site-sidebar-layout":"default","site-content-layout":"","ast-site-content-layout":"default","site-content-style":"default","site-sidebar-style":"default","ast-global-header-display":"disabled","ast-banner-title-visibility":"","ast-main-header-display":"","ast-hfb-above-header-display":"","ast-hfb-below-header-display":"","ast-hfb-mobile-header-display":"","site-post-title":"","ast-breadcrumbs-content":"","ast-featured-img":"","footer-sml-layout":"","ast-disable-related-posts":"","theme-transparent-header-meta":"","adv-header-id-meta":"","stick-header-meta":"","header-above-stick-meta":"","header-main-stick-meta":"","header-below-stick-meta":"","astra-migrate-meta-layouts":"set","ast-page-background-enabled":"default","ast-page-background-meta":{"desktop":{"background-color":"","background-image":"","background-repeat":"repeat","background-position":"center center","background-size":"auto","background-attachment":"scroll","background-type":"","background-media":"","overlay-type":"","overlay-color":"","overlay-opacity":"","overlay-gradient":""},"tablet":{"background-color":"","background-image":"","background-repeat":"repeat","background-position":"center center","background-size":"auto","background-attachment":"scroll","background-type":"","background-media":"","overlay-type":"","overlay-color":"","overlay-opacity":"","overlay-gradient":""},"mobile":{"background-color":"","background-image":"","background-repeat":"repeat","background-position":"center center","background-size":"auto","background-attachment":"scroll","background-type":"","background-media":"","overlay-type":"","overlay-color":"","overlay-opacity":"","overlay-gradient":""}},"ast-content-background-meta":{"desktop":{"background-color":"var(--ast-global-color-4)","background-image":"","background-repeat":"repeat","background-position":"center center","background-size":"auto","background-attachment":"scroll","background-type":"","background-media":"","overlay-type":"","overlay-color":"","overlay-opacity":"","overlay-gradient":""},"tablet":{"background-color":"var(--ast-global-color-4)","background-image":"","background-repeat":"repeat","background-position":"center center","background-size":"auto","background-attachment":"scroll","background-type":"","background-media":"","overlay-type":"","overlay-color":"","overlay-opacity":"","overlay-gradient":""},"mobile":{"background-color":"var(--ast-global-color-4)","background-image":"","background-repeat":"repeat","background-position":"center center","background-size":"auto","background-attachment":"scroll","background-type":"","background-media":"","overlay-type":"","overlay-color":"","overlay-opacity":"","overlay-gradient":""}},"footnotes":""},"class_list":["post-3","page","type-page","status-publish","hentry"],"aioseo_notices":[],"_hostinger_reach_plugin_has_subscription_block":false,"_hostinger_reach_plugin_is_elementor":false,"uagb_featured_image_src":{"full":false,"thumbnail":false,"medium":false,"medium_large":false,"large":false,"1536x1536":false,"2048x2048":false,"trp-custom-language-flag":false},"uagb_author_info":{"display_name":"tuto995@gmail.com","author_link":"https:\/\/betatraducciones.com\/pt\/author\/tuto995gmail-com\/"},"uagb_comment_info":0,"uagb_excerpt":"T\u00c9RMINOS Y CONDICIONES DEL SITIO WEB. BETA Traducciones en lo sucesivo ser\u00e1 la \u201cAGENCIA\u201d; todo aquel que ingrese, acceda o use este sitio en lo sucesivo ser\u00e1 el \u201cUSUARIO\u201d.\u00a0 Este sitio web de BETA Traducciones y su contenido, incluyendo los textos, casos de \u00e9xito, gr\u00e1ficos, logos, animaciones y sonidos, son de propiedad de BETA Traducciones,&hellip;","_links":{"self":[{"href":"https:\/\/betatraducciones.com\/pt\/wp-json\/wp\/v2\/pages\/3","targetHints":{"allow":["GET"]}}],"collection":[{"href":"https:\/\/betatraducciones.com\/pt\/wp-json\/wp\/v2\/pages"}],"about":[{"href":"https:\/\/betatraducciones.com\/pt\/wp-json\/wp\/v2\/types\/page"}],"author":[{"embeddable":true,"href":"https:\/\/betatraducciones.com\/pt\/wp-json\/wp\/v2\/users\/1"}],"replies":[{"embeddable":true,"href":"https:\/\/betatraducciones.com\/pt\/wp-json\/wp\/v2\/comments?post=3"}],"version-history":[{"count":11,"href":"https:\/\/betatraducciones.com\/pt\/wp-json\/wp\/v2\/pages\/3\/revisions"}],"predecessor-version":[{"id":2526,"href":"https:\/\/betatraducciones.com\/pt\/wp-json\/wp\/v2\/pages\/3\/revisions\/2526"}],"wp:attachment":[{"href":"https:\/\/betatraducciones.com\/pt\/wp-json\/wp\/v2\/media?parent=3"}],"curies":[{"name":"wp","href":"https:\/\/api.w.org\/{rel}","templated":true}]}}