{"id":2451,"date":"2026-03-23T13:22:24","date_gmt":"2026-03-23T13:22:24","guid":{"rendered":"https:\/\/betatraducciones.com\/?page_id=2451"},"modified":"2026-03-24T02:52:52","modified_gmt":"2026-03-24T02:52:52","slug":"politica-de-privacidad","status":"publish","type":"page","link":"https:\/\/betatraducciones.com\/pt\/politica-de-privacidad\/","title":{"rendered":"Pol\u00edtica de privacidade"},"content":{"rendered":"<div data-elementor-type=\"wp-page\" data-elementor-id=\"2451\" class=\"elementor elementor-2451\">\n\t\t\t\t<div class=\"elementor-element elementor-element-12acf43 e-con-full e-flex e-con e-parent\" data-id=\"12acf43\" data-element_type=\"container\" data-e-type=\"container\">\n\t\t\t\t<div class=\"elementor-element elementor-element-129e248 elementor-widget elementor-widget-heading\" data-id=\"129e248\" data-element_type=\"widget\" data-e-type=\"widget\" data-widget_type=\"heading.default\">\n\t\t\t\t\t<h2 class=\"elementor-heading-title elementor-size-default\">POL\u00cdTICAS DE PRIVACIDAD<\/h2>\t\t\t\t<\/div>\n\t\t\t\t<div class=\"elementor-element elementor-element-3043355 elementor-widget elementor-widget-spacer\" data-id=\"3043355\" data-element_type=\"widget\" data-e-type=\"widget\" data-widget_type=\"spacer.default\">\n\t\t\t\t\t\t\t<div class=\"elementor-spacer\">\n\t\t\t<div class=\"elementor-spacer-inner\"><\/div>\n\t\t<\/div>\n\t\t\t\t\t\t<\/div>\n\t\t\t\t<\/div>\n\t\t<div class=\"elementor-element elementor-element-3fe4e21 e-flex e-con-boxed e-con e-parent\" data-id=\"3fe4e21\" data-element_type=\"container\" data-e-type=\"container\">\n\t\t\t\t\t<div class=\"e-con-inner\">\n\t\t\t\t<div class=\"elementor-element elementor-element-9fc688a elementor-widget elementor-widget-spacer\" data-id=\"9fc688a\" data-element_type=\"widget\" data-e-type=\"widget\" data-widget_type=\"spacer.default\">\n\t\t\t\t\t\t\t<div class=\"elementor-spacer\">\n\t\t\t<div class=\"elementor-spacer-inner\"><\/div>\n\t\t<\/div>\n\t\t\t\t\t\t<\/div>\n\t\t\t\t<div class=\"elementor-element elementor-element-cc73621 elementor-widget elementor-widget-text-editor\" data-id=\"cc73621\" data-element_type=\"widget\" data-e-type=\"widget\" data-widget_type=\"text-editor.default\">\n\t\t\t\t\t\t\t\t\t<p>Responsable del sitio web: BETA Traducciones <br \/>Sitio web: www.betatraducciones.com <br \/>Tel\u00e9fono de contacto:\u00a0<\/p><p class=\"western\" lang=\"es-ES\" align=\"justify\"><span style=\"font-family: Arial, serif;\"><span style=\"font-size: small;\">Brasil: +55 48 999286543<\/span><\/span><\/p><p class=\"western\" lang=\"es-ES\" align=\"justify\"><span style=\"font-family: Arial, serif;\"><span style=\"font-size: small;\">Colombia: +57 3002687914 <\/span><\/span><\/p><p class=\"western\" lang=\"es-ES\" align=\"justify\">Correo electr\u00f3nico: info@betatraducciones.com<\/p>\t\t\t\t\t\t\t\t<\/div>\n\t\t\t\t<div class=\"elementor-element elementor-element-693abe3 elementor-widget elementor-widget-text-editor\" data-id=\"693abe3\" data-element_type=\"widget\" data-e-type=\"widget\" data-widget_type=\"text-editor.default\">\n\t\t\t\t\t\t\t\t\t<p class=\"western\" lang=\"es-ES\" align=\"justify\"><span style=\"color: #000000;\"><span style=\"font-family: Arial, serif;\"><span style=\"font-size: large;\">Teniendo en cuenta la Ley Estatutaria 1581 de 2012 y la Ley 1266 del 2008, por la cual se dictan disposiciones para la protecci\u00f3n de datos personales.<\/span><\/span><\/span><\/p><p class=\"western\" lang=\"es-ES\" align=\"justify\"><span style=\"color: #000000;\"><span style=\"font-family: Arial, serif;\"><span style=\"font-size: large;\">Tenga presente tambi\u00e9n la transferencia de datos internacionales:<\/span><\/span><\/span><\/p><p class=\"western\" lang=\"es-ES\" align=\"justify\"><span style=\"color: #000000;\"><span style=\"font-family: Arial, serif;\"><span style=\"font-size: large;\">En caso necesario, sus datos podr\u00e1n ser transferidos a servidores fuera de Brasil, siempre en cumplimiento de la LGPD y protegidos por las medidas adecuadas.<\/span><\/span><\/span><\/p><h4 lang=\"es-ES\" align=\"justify\">\u00a0<\/h4><h4 class=\"western\" lang=\"es-ES\" align=\"justify\"><span style=\"color: #181818;\"><span style=\"font-family: Arial, serif;\"><b>Comentarios sobre los visitantes<\/b><\/span><\/span><\/h4><p lang=\"es-ES\" align=\"justify\"><span style=\"font-family: Times New Roman, serif;\"><span style=\"font-size: medium;\"><span style=\"color: #181818;\"><span style=\"font-family: Arial, serif;\"><span style=\"font-size: large;\">Cuando los visitantes dejan comentarios en la web, recopilamos los datos que se muestran en el formulario de comentarios, as\u00ed como la direcci\u00f3n IP del visitante y la cadena de agentes de usuario del navegador para ayudar a la detecci\u00f3n de spam.<\/span><\/span><\/span><\/span><\/span><\/p><p lang=\"es-ES\" align=\"justify\"><span style=\"font-family: Times New Roman, serif;\"><span style=\"font-size: medium;\"><span style=\"color: #181818;\"><span style=\"font-family: Arial, serif;\"><span style=\"font-size: large;\">En <\/span><\/span><\/span><span style=\"color: #7030a0;\"><span style=\"font-family: Arial, serif;\"><span style=\"font-size: large;\"><b>BETA Tradu\u00e7\u00f5es<\/b><\/span><\/span><\/span> <span style=\"color: #000000;\"><span style=\"font-family: Arial, serif;\"><span style=\"font-size: large;\">se har\u00e1 todo lo posible para tratar con la mayor confidencialidad en la prestaci\u00f3n de los servicios a trav\u00e9s de modalidad electr\u00f3nica.<\/span><\/span><\/span><\/span><\/span><\/p><h4 class=\"western\" lang=\"es-ES\" align=\"justify\"><span style=\"color: #181818;\"><span style=\"font-family: Arial, serif;\"><b>Medios en la web <\/b><\/span><\/span><\/h4><p lang=\"es-ES\" align=\"justify\"><span style=\"font-family: Times New Roman, serif;\"><span style=\"font-size: medium;\"><span style=\"color: #181818;\"><span style=\"font-family: Arial, serif;\"><span style=\"font-size: large;\">Si sube im\u00e1genes a la web, deber\u00edas evitar subir im\u00e1genes con datos de ubicaci\u00f3n que se incluyan. Los usuarios que ingresan a la web pueden descargar y extraer cualquier dato de ubicaci\u00f3n de las im\u00e1genes de la web.<\/span><\/span><\/span><\/span><\/span><\/p><h4 class=\"western\" lang=\"es-ES\" align=\"justify\"><span style=\"color: #181818;\"><span style=\"font-family: Arial, serif;\"><b>Clientes, usuarios, proveedores y colaboradores<\/b><\/span><\/span><\/h4><p class=\"western\" lang=\"es-ES\" align=\"justify\"><span style=\"font-family: Arial, serif;\"><span style=\"font-size: large;\">Los datos de todos ellos <\/span><\/span><span style=\"font-family: Arial, serif;\"><span style=\"font-size: large;\"><b>(<\/b><\/span><\/span><span style=\"color: #181818;\"><span style=\"font-family: Arial, serif;\"><span style=\"font-size: large;\"><b>clientes, usuarios, proveedores y colaboradores) <\/b><\/span><\/span><\/span><span style=\"color: #181818;\"><span style=\"font-family: Arial, serif;\"><span style=\"font-size: large;\">ser\u00e1n tratados estrictamente confidencial. Solamente ser\u00e1 publicada la informaci\u00f3n b\u00e1sica como nombre, tel\u00e9fono, email o datos que nos suministre con la autorizaci\u00f3n de la persona. <\/span><\/span><\/span><\/p><p class=\"western\" lang=\"es-ES\" align=\"justify\"><span style=\"font-family: Arial, serif;\"><span style=\"font-size: large;\"><b>Usuarios<\/b><\/span><\/span><\/p><p lang=\"es-ES\" align=\"justify\"><span style=\"font-family: Times New Roman, serif;\"><span style=\"font-size: medium;\"><span style=\"color: #181818;\"><span style=\"font-family: Arial, serif;\"><span style=\"font-size: large;\">Si dejas un comentario en nuestro sitio puede elegir guardar su nombre, direcci\u00f3n de correo electr\u00f3nico y web en cookies. Es una manera de brindarle mayor comodidad al usuario.<\/span><\/span><\/span><\/span><\/span><\/p><h4 class=\"western\" lang=\"es-ES\" align=\"justify\"><span style=\"color: #181818;\"><span style=\"font-family: Arial, serif;\"><b> Deshabilitar cookies<\/b><\/span><\/span><\/h4><p lang=\"es-ES\" align=\"justify\"><span style=\"font-family: Times New Roman, serif;\"><span style=\"font-size: medium;\"><span style=\"color: #181818;\"><span style=\"font-family: Arial, serif;\"><span style=\"font-size: large;\">Las cookies est\u00e1n asociados directamente al navegador y cualquier usuario puede deshabilitarlos en cualquier momento, en este caso puede denegar el consentimiento de las cookies. Debe tener en cuenta que si desactiva la opci\u00f3n de las cookies puede que algunas partes del sito no funcionen bien.<\/span><\/span><\/span><\/span><\/span><\/p><h4 lang=\"es-ES\" align=\"justify\">\u00a0<\/h4><h4 class=\"western\" lang=\"es-ES\" align=\"justify\"><span style=\"color: #181818;\"><span style=\"font-family: Arial, serif;\"><b>Contenido de otros sitios web<\/b><\/span><\/span><\/h4><p lang=\"es-ES\" align=\"justify\"><span style=\"font-family: Times New Roman, serif;\"><span style=\"font-size: medium;\"><span style=\"color: #181818;\"><span style=\"font-family: Arial, serif;\"><span style=\"font-size: large;\">Los art\u00edculos de este sitio pueden incluir contenido incrustado (por ejemplo, v\u00eddeos, im\u00e1genes, art\u00edculos, etc.).<\/span><\/span><\/span><\/span><\/span><\/p><h4 class=\"western\" lang=\"es-ES\" align=\"justify\"><span style=\"color: #181818;\"><span style=\"font-family: Arial, serif;\"><b>Sus datos pueden ser compartidos<\/b><\/span><\/span><\/h4><p lang=\"es-ES\" align=\"justify\"><span style=\"font-family: Times New Roman, serif;\"><span style=\"font-size: medium;\"><span style=\"color: #181818;\"><span style=\"font-family: Arial, serif;\"><span style=\"font-size: large;\">Si solicitas un restablecimiento de contrase\u00f1a, su direcci\u00f3n IP ser\u00e1 incluida en el correo electr\u00f3nico de restablecimiento.<\/span><\/span><\/span><\/span><\/span><\/p><h4 lang=\"es-ES\" align=\"justify\">\u00a0<\/h4><h4 class=\"western\" lang=\"es-ES\" align=\"justify\"><span style=\"color: #181818;\"><span style=\"font-family: Arial, serif;\"><b>Qu\u00e9 derechos tienes sobre sus datos\u00a0<\/b><\/span><\/span><\/h4><p lang=\"es-ES\" align=\"justify\"><span style=\"font-family: Times New Roman, serif;\"><span style=\"font-size: medium;\"><span style=\"color: #181818;\"><span style=\"font-family: Arial, serif;\"><span style=\"font-size: large;\">Si tienes una cuenta o has dejado comentarios en esta web, puede solicitar recibir un archivo de exportaci\u00f3n de los datos personales que tenemos sobre ti, incluyendo cualquier dato que nos hayas proporcionado. Los datos de los visitantes en ocasiones se pueden ir autom\u00e1ticamente al spam<\/span><\/span><\/span><\/span><\/span><\/p><h4 lang=\"es-ES\" align=\"justify\">\u00a0<\/h4><h4 class=\"western\" lang=\"es-ES\" align=\"justify\"><span style=\"color: #181818;\"><span style=\"font-family: Arial, serif;\"><b>Redes sociales\u00a0<\/b><\/span><\/span><\/h4><p>\u00a0<\/p><p class=\"western\" lang=\"es-ES\" align=\"justify\"><span style=\"color: #000000;\"><span style=\"font-family: Arial, serif;\"><span style=\"font-size: large;\">Este sitio web incluye iconos y botones de redes sociales, con el fin de publicidad y compartimiento de la informaci\u00f3n. Se encuentran reguladas por la protecci\u00f3n de datos personales y pol\u00edticas de privacidad a las que se hace referencia:<\/span><\/span><\/span><\/p><ul><li><p lang=\"es-ES\" align=\"justify\"><span style=\"color: #000000;\"><span style=\"font-family: Arial, serif;\"><span style=\"font-size: large;\">Instagram<\/span><\/span><\/span><\/p><\/li><li><p lang=\"es-ES\" align=\"justify\"><span style=\"color: #000000;\"><span style=\"font-family: Arial, serif;\"><span style=\"font-size: large;\">LinkedIn<\/span><\/span><\/span><\/p><\/li><li><p lang=\"es-ES\" align=\"justify\"><span style=\"color: #000000;\"><span style=\"font-family: Arial, serif;\"><span style=\"font-size: large;\">Facebook<\/span><\/span><\/span><\/p><\/li><li><p lang=\"es-ES\" align=\"justify\"><span style=\"color: #000000;\"><span style=\"font-family: Arial, serif;\"><span style=\"font-size: large;\">Twitter<\/span><\/span><\/span><\/p><\/li><li><p lang=\"es-ES\" align=\"justify\"><span style=\"color: #000000;\"><span style=\"font-family: Arial, serif;\"><span style=\"font-size: large;\">Google+<\/span><\/span><\/span><\/p><\/li><\/ul><h4 lang=\"es-ES\" align=\"justify\">\u00a0<\/h4><h4 class=\"western\" lang=\"es-ES\" align=\"justify\"><span style=\"color: #181818;\"><span style=\"font-family: Arial, serif;\"><b>Correos electr\u00f3nicos<\/b><\/span><\/span><\/h4><p>\u00a0<\/p><p class=\"western\" lang=\"es-ES\" align=\"justify\"><span style=\"font-family: Arial, serif;\"><span style=\"font-size: large;\"><span style=\"color: #000000;\">Los usuarios puede recibir correos electr\u00f3nicos de <\/span><\/span><\/span><span style=\"color: #7030a0;\"><span style=\"font-family: Arial, serif;\"><span style=\"font-size: large;\"><b>BETA Tradu\u00e7\u00f5es<\/b><\/span><\/span><\/span><span style=\"color: #000000;\"><span style=\"font-family: Arial, serif;\"><span style=\"font-size: large;\"> por diversos motivos, confirmaci\u00f3n de pedidos, solicitud de informaci\u00f3n, boletines, publicidad, ofertas, informaci\u00f3n sobre los servicios.<\/span><\/span><\/span><\/p><p class=\"western\" lang=\"es-ES\" align=\"justify\"><span style=\"color: #000000;\"><span style=\"font-family: Arial, serif;\"><span style=\"font-size: large;\">El usuario est\u00e1 en todo el derecho de rechazar estos correos electr\u00f3nicos a trav\u00e9s de la p\u00e1gina web.<\/span><\/span><\/span><\/p>\t\t\t\t\t\t\t\t<\/div>\n\t\t<div class=\"elementor-element elementor-element-9e9e1bd e-con-full e-flex e-con e-child\" data-id=\"9e9e1bd\" data-element_type=\"container\" data-e-type=\"container\">\n\t\t\t\t<\/div>\n\t\t\t\t\t<\/div>\n\t\t\t\t<\/div>\n\t\t\t\t<\/div>","protected":false},"excerpt":{"rendered":"<p>POL\u00cdTICAS DE PRIVACIDAD Responsable del sitio web: BETA Traducciones Sitio web: www.betatraducciones.com Tel\u00e9fono de contacto:\u00a0 Brasil: +55 48 999286543 Colombia: +57 3002687914 Correo electr\u00f3nico: info@betatraducciones.com Teniendo en cuenta la Ley Estatutaria 1581 de 2012 y la Ley 1266 del 2008, por la cual se dictan disposiciones para la protecci\u00f3n de datos personales. Tenga presente tambi\u00e9n [&hellip;]<\/p>\n","protected":false},"author":1,"featured_media":0,"parent":0,"menu_order":0,"comment_status":"closed","ping_status":"closed","template":"","meta":{"_uag_custom_page_level_css":"","site-sidebar-layout":"no-sidebar","site-content-layout":"page-builder","ast-site-content-layout":"full-width-container","site-content-style":"default","site-sidebar-style":"default","ast-global-header-display":"disabled","ast-banner-title-visibility":"","ast-main-header-display":"","ast-hfb-above-header-display":"","ast-hfb-below-header-display":"","ast-hfb-mobile-header-display":"","site-post-title":"","ast-breadcrumbs-content":"","ast-featured-img":"disabled","footer-sml-layout":"","ast-disable-related-posts":"","theme-transparent-header-meta":"disabled","adv-header-id-meta":"","stick-header-meta":"","header-above-stick-meta":"","header-main-stick-meta":"","header-below-stick-meta":"","astra-migrate-meta-layouts":"set","ast-page-background-enabled":"default","ast-page-background-meta":{"desktop":{"background-color":"","background-image":"","background-repeat":"repeat","background-position":"center center","background-size":"auto","background-attachment":"scroll","background-type":"","background-media":"","overlay-type":"","overlay-color":"","overlay-opacity":"","overlay-gradient":""},"tablet":{"background-color":"","background-image":"","background-repeat":"repeat","background-position":"center center","background-size":"auto","background-attachment":"scroll","background-type":"","background-media":"","overlay-type":"","overlay-color":"","overlay-opacity":"","overlay-gradient":""},"mobile":{"background-color":"","background-image":"","background-repeat":"repeat","background-position":"center center","background-size":"auto","background-attachment":"scroll","background-type":"","background-media":"","overlay-type":"","overlay-color":"","overlay-opacity":"","overlay-gradient":""}},"ast-content-background-meta":{"desktop":{"background-color":"var(--ast-global-color-4)","background-image":"","background-repeat":"repeat","background-position":"center center","background-size":"auto","background-attachment":"scroll","background-type":"","background-media":"","overlay-type":"","overlay-color":"","overlay-opacity":"","overlay-gradient":""},"tablet":{"background-color":"var(--ast-global-color-4)","background-image":"","background-repeat":"repeat","background-position":"center center","background-size":"auto","background-attachment":"scroll","background-type":"","background-media":"","overlay-type":"","overlay-color":"","overlay-opacity":"","overlay-gradient":""},"mobile":{"background-color":"var(--ast-global-color-4)","background-image":"","background-repeat":"repeat","background-position":"center center","background-size":"auto","background-attachment":"scroll","background-type":"","background-media":"","overlay-type":"","overlay-color":"","overlay-opacity":"","overlay-gradient":""}},"footnotes":""},"class_list":["post-2451","page","type-page","status-publish","hentry"],"aioseo_notices":[],"_hostinger_reach_plugin_has_subscription_block":false,"_hostinger_reach_plugin_is_elementor":false,"uagb_featured_image_src":{"full":false,"thumbnail":false,"medium":false,"medium_large":false,"large":false,"1536x1536":false,"2048x2048":false,"trp-custom-language-flag":false},"uagb_author_info":{"display_name":"tuto995@gmail.com","author_link":"https:\/\/betatraducciones.com\/pt\/author\/tuto995gmail-com\/"},"uagb_comment_info":0,"uagb_excerpt":"POL\u00cdTICAS DE PRIVACIDAD Responsable del sitio web: BETA Traducciones Sitio web: www.betatraducciones.com Tel\u00e9fono de contacto:\u00a0 Brasil: +55 48 999286543 Colombia: +57 3002687914 Correo electr\u00f3nico: info@betatraducciones.com Teniendo en cuenta la Ley Estatutaria 1581 de 2012 y la Ley 1266 del 2008, por la cual se dictan disposiciones para la protecci\u00f3n de datos personales. Tenga presente tambi\u00e9n&hellip;","_links":{"self":[{"href":"https:\/\/betatraducciones.com\/pt\/wp-json\/wp\/v2\/pages\/2451","targetHints":{"allow":["GET"]}}],"collection":[{"href":"https:\/\/betatraducciones.com\/pt\/wp-json\/wp\/v2\/pages"}],"about":[{"href":"https:\/\/betatraducciones.com\/pt\/wp-json\/wp\/v2\/types\/page"}],"author":[{"embeddable":true,"href":"https:\/\/betatraducciones.com\/pt\/wp-json\/wp\/v2\/users\/1"}],"replies":[{"embeddable":true,"href":"https:\/\/betatraducciones.com\/pt\/wp-json\/wp\/v2\/comments?post=2451"}],"version-history":[{"count":22,"href":"https:\/\/betatraducciones.com\/pt\/wp-json\/wp\/v2\/pages\/2451\/revisions"}],"predecessor-version":[{"id":3169,"href":"https:\/\/betatraducciones.com\/pt\/wp-json\/wp\/v2\/pages\/2451\/revisions\/3169"}],"wp:attachment":[{"href":"https:\/\/betatraducciones.com\/pt\/wp-json\/wp\/v2\/media?parent=2451"}],"curies":[{"name":"wp","href":"https:\/\/api.w.org\/{rel}","templated":true}]}}